{"id":16,"date":"2011-11-19T12:44:51","date_gmt":"2011-11-19T12:44:51","guid":{"rendered":"http:\/\/www.hsv-spittal.at\/?page_id=16"},"modified":"2015-05-14T10:25:32","modified_gmt":"2015-05-14T10:25:32","slug":"haftungsausschluss","status":"publish","type":"page","link":"http:\/\/www.hsv-spittal.at\/?page_id=16","title":{"rendered":"<font color=\"#000000\">Haftungsausschluss<\/font>"},"content":{"rendered":"<div class=\"storycontent\">\n<p><span style=\"text-decoration: underline;\">1. Inhalt des Onlineangebotes<\/span><br \/>\nDer Autor \u00fcbernimmt keinerlei Gew\u00e4hr f\u00fcr die Aktualit\u00e4t, Korrektheit, Vollst\u00e4ndigkeit oder Qualit\u00e4t der bereitgestellten Informationen. Haftungsanspr\u00fcche gegen den Autor, welche sich auf Sch\u00e4den materieller oder ideeller Art beziehen, die durch die Nutzung oder Nichtnutzung der dargebotenen Informationen bzw. durch die Nutzung fehlerhafter und unvollst\u00e4ndiger Informationen verursacht wurden, sind grunds\u00e4tzlich ausgeschlossen, sofern seitens des Autors kein nachweislich vors\u00e4tzliches oder grob fahrl\u00e4ssiges Verschulden vorliegt.<br \/>\nAlle Angebote sind freibleibend und unverbindlich. Der Autor beh\u00e4lt es sich ausdr\u00fccklich vor, Teile der Seiten oder das gesamte Angebot ohne gesonderte Ank\u00fcndigung zu ver\u00e4ndern, zu erg\u00e4nzen, zu l\u00f6schen oder die Ver\u00f6ffentlichung zeitweise oder endg\u00fcltig einzustellen.<\/p>\n<p><span style=\"text-decoration: underline;\">2. Verweise und Links<\/span><br \/>\nBei direkten oder indirekten Verweisen auf fremde Webseiten (\u201dHyperlinks\u201d), die au\u00dferhalb des Verantwortungsbereiches des Autors liegen, w\u00fcrde eine Haftungsverpflichtung ausschlie\u00dflich in dem Fall in Kraft treten, in dem der Autor von den Inhalten Kenntnis hat und es ihm technisch m\u00f6glich und zumutbar w\u00e4re, die Nutzung im Falle rechtswidriger Inhalte zu verhindern.<br \/>\nDer Autor erkl\u00e4rt hiermit ausdr\u00fccklich, dass zum Zeitpunkt der Linksetzung keine illegalen Inhalte auf den zu verlinkenden Seiten erkennbar waren. Auf die aktuelle und zuk\u00fcnftige Gestaltung, die Inhalte oder die Urheberschaft der verlinkten\/verkn\u00fcpften Seiten hat der Autor keinerlei Einfluss. Deshalb distanziert er sich hiermit ausdr\u00fccklich von allen Inhalten aller verlinkten \/verkn\u00fcpften Seiten, die nach der Linksetzung ver\u00e4ndert wurden. Diese Feststellung gilt f\u00fcr alle innerhalb des eigenen Internetangebotes gesetzten Links und Verweise sowie f\u00fcr Fremdeintr\u00e4ge in vom Autor eingerichteten G\u00e4steb\u00fcchern, Diskussionsforen, Linkverzeichnissen, Mailinglisten und in allen anderen Formen von Datenbanken, auf deren Inhalt externe Schreibzugriffe m\u00f6glich sind. F\u00fcr illegale, fehlerhafte oder unvollst\u00e4ndige Inhalte und insbesondere f\u00fcr Sch\u00e4den, die aus der Nutzung oder Nichtnutzung solcherart dargebotener Informationen entstehen, haftet allein der Anbieter der Seite, auf welche verwiesen wurde, nicht derjenige, der \u00fcber Links auf die jeweilige Ver\u00f6ffentlichung lediglich verweist.<\/p>\n<p><span style=\"text-decoration: underline;\">3. Urheber- und Kennzeichenrecht<\/span><br \/>\nDer Autor ist bestrebt, in allen Publikationen die Urheberrechte der verwendeten Grafiken, Tondokumente, Videosequenzen und Texte zu beachten, von ihm selbst erstellte Grafiken, Tondokumente, Videosequenzen und Texte zu nutzen oder auf lizenzfreie Grafiken, Tondokumente, Videosequenzen und Texte zur\u00fcckzugreifen.<br \/>\nAlle innerhalb des Internetangebotes genannten und ggf. durch Dritte gesch\u00fctzten Marken- und Warenzeichen unterliegen uneingeschr\u00e4nkt den Bestimmungen des jeweils g\u00fcltigen Kennzeichenrechts und den Besitzrechten der jeweiligen eingetragenen Eigent\u00fcmer. Allein aufgrund der blo\u00dfen Nennung ist nicht der Schluss zu ziehen, dass Markenzeichen nicht durch Rechte Dritter gesch\u00fctzt sind!<br \/>\nDas Copyright f\u00fcr ver\u00f6ffentlichte, vom Autor selbst erstellte Objekte bleibt allein beim Autor der Seiten. Eine Vervielf\u00e4ltigung oder Verwendung solcher Grafiken, Tondokumente, Videosequenzen und Texte in anderen elektronischen oder gedruckten Publikationen ist ohne ausdr\u00fcckliche Zustimmung des Autors nicht gestattet.<\/p>\n<p><span style=\"text-decoration: underline;\">4. Datenschutz<\/span><br \/>\nSofern innerhalb des Internetangebotes die M\u00f6glichkeit zur Eingabe pers\u00f6nlicher oder gesch\u00e4ftlicher Daten (E-Mail-Adressen, Namen, Anschriften) besteht, so erfolgt die Preisgabe dieser Daten seitens des Nutzers auf ausdr\u00fccklich freiwilliger Basis. Die Inanspruchnahme und Bezahlung aller angebotenen Dienste ist &#8211; soweit technisch m\u00f6glich und zumutbar &#8211; auch ohne Angabe solcher Daten bzw. unter Angabe anonymisierter Daten oder eines Pseudonyms gestattet. Die Nutzung der im Rahmen des Impressums oder vergleichbarer Angaben ver\u00f6ffentlichten Kontaktdaten wie Postanschriften, Telefon- und Faxnummern sowie E-Mail-Adressen durch Dritte zur \u00dcbersendung von nicht ausdr\u00fccklich angeforderten Informationen ist nicht gestattet. Rechtliche Schritte gegen die Versender von sogenannten Spam-Mails bei Verst\u00f6\u00dfen gegen dieses Verbot sind ausdr\u00fccklich vorbehalten.<\/p>\n<p><span style=\"text-decoration: underline;\">5. Wettk\u00e4mpfe<\/span><br \/>\nF\u00fcr den Fall meiner Teilnahme am Wettkampf erkenne ich den Haftungsausschluss der Veranstalter f\u00fcr Sch\u00e4den jeder Art an. Die Versicherung ist Angelegenheit des Teilnehmers. Ich werde weder gegen die Veranstalter noch gegen Sponsoren des Wettkampfes Anspr\u00fcche wegen Sch\u00e4den und Verletzungen jeder Art machen, die mir durch meine Teilnahme an der Veranstaltung entstehen k\u00f6nnen. Ich erkl\u00e4re, dass ich f\u00fcr die Teilnahme an diesem Wettbewerb ausreichend trainiert habe, k\u00f6rperlich gesund bin und mir mein Gesundheitszustand \u00e4rztlich best\u00e4tigt wurde. Ich bin damit einverstanden, dass die in meiner Anmeldung genannten Daten, die von mir im Zusammenhang mit meiner Teilnahme am Wettbewerb gemachten Fotos, Filmaufnahmen und Interviews in Rundfunk, Fernsehen, Werbung, B\u00fcchern, fotomechanischen Vervielf\u00e4ltigungen &#8211; Filme, Videokasetten, etc. &#8211; ohne Verg\u00fctungsanspr\u00fcche meinerseits genutzt werden d\u00fcrfen. Ich versichere, dass mein Geburtsdatum richtig ist. Bei Nichtantreten oder Ausfall der Veranstaltung durch h\u00f6here Gewalt habe ich kein Anrecht auf R\u00fcckerstattung des Startgeldes.<\/p>\n<p><span style=\"text-decoration: underline;\">6. Medien, Fotos, Videos (Zusatz zu Pkt. 3)<\/span><br \/>\nTeilnehmer an Veranstaltungen (wie z.B. dem Porcialauf, Stadtlauf Spittal) erkl\u00e4ren mit ihrer Anmeldung zu Veranstaltung(en) ihr Einverst\u00e4ndnis zur Erstellung von Bild-\/Videoaufnahmen ihrer Personen im Rahmen dieser Veranstaltung(en) durch den Verein, sowie zur UNENTGELTLICHEN Verwendung und Ver\u00f6ffentlichung solcher Bildnisse zum Zwecke der \u00f6ffentlichen Berichterstattung \u00fcber das Vereinsleben, auch in regionalen und \u00fcberregionalen Medien aller Art.<br \/>\nDas Urheberrecht\/Copyright der Bilder liegt bei den jeweiligen Fotografen! (Bei den Bildern angegeben.)<br \/>\nNat\u00fcrlich k\u00f6nnen diese Bilder auch (gegen evtl. Zahlungen) f\u00fcr den pers\u00f6nlichen Gebrauch erworben werden. \u00dcber die H\u00f6he der Kosten wird bei den Veranstaltungen hingewiesen.<br \/>\nDie Ver\u00f6ffentlichung solcher erworbenen Bilder Bedarf der Zustimmung des Rechte-Inhabers.<br \/>\nAusgenommen sind <span style=\"text-decoration: underline;\"><strong>Bildausschnitte<\/strong> <\/span>auf denen NUR DIE EIGENE PERSON erkenntlich ist!<\/p>\n<\/div>\n","protected":false},"excerpt":{"rendered":"<p>1. Inhalt des Onlineangebotes Der Autor \u00fcbernimmt keinerlei Gew\u00e4hr f\u00fcr die Aktualit\u00e4t, Korrektheit, Vollst\u00e4ndigkeit oder Qualit\u00e4t der bereitgestellten Informationen. Haftungsanspr\u00fcche gegen den Autor, welche sich auf Sch\u00e4den materieller oder ideeller Art beziehen, die durch die Nutzung oder Nichtnutzung der dargebotenen Informationen bzw. durch die Nutzung fehlerhafter und unvollst\u00e4ndiger Informationen verursacht wurden, sind grunds\u00e4tzlich ausgeschlossen, sofern [&hellip;]<\/p>\n","protected":false},"author":1,"featured_media":0,"parent":0,"menu_order":105,"comment_status":"closed","ping_status":"closed","template":"","meta":{"ngg_post_thumbnail":0,"_links_to":"","_links_to_target":""},"_links":{"self":[{"href":"http:\/\/www.hsv-spittal.at\/index.php?rest_route=\/wp\/v2\/pages\/16"}],"collection":[{"href":"http:\/\/www.hsv-spittal.at\/index.php?rest_route=\/wp\/v2\/pages"}],"about":[{"href":"http:\/\/www.hsv-spittal.at\/index.php?rest_route=\/wp\/v2\/types\/page"}],"author":[{"embeddable":true,"href":"http:\/\/www.hsv-spittal.at\/index.php?rest_route=\/wp\/v2\/users\/1"}],"replies":[{"embeddable":true,"href":"http:\/\/www.hsv-spittal.at\/index.php?rest_route=%2Fwp%2Fv2%2Fcomments&post=16"}],"version-history":[{"count":0,"href":"http:\/\/www.hsv-spittal.at\/index.php?rest_route=\/wp\/v2\/pages\/16\/revisions"}],"wp:attachment":[{"href":"http:\/\/www.hsv-spittal.at\/index.php?rest_route=%2Fwp%2Fv2%2Fmedia&parent=16"}],"curies":[{"name":"wp","href":"https:\/\/api.w.org\/{rel}","templated":true}]}}