{"id":430,"date":"2013-12-18T12:23:50","date_gmt":"2013-12-18T12:23:50","guid":{"rendered":"http:\/\/www.hsv-spittal.at\/?page_id=430"},"modified":"2020-03-30T08:58:18","modified_gmt":"2020-03-30T08:58:18","slug":"laufinformationen","status":"publish","type":"page","link":"http:\/\/www.hsv-spittal.at\/?page_id=430","title":{"rendered":"Laufinformationen"},"content":{"rendered":"<p><strong>Veranstalter:<\/strong><br \/>\nHSV Spittal\/Drau in Zusammenarbeit mit der Stadt Spittal an der Drau<\/p>\n<p><span style=\"text-decoration: underline;\"><strong>Termin<\/strong>:<\/span><br \/>\n<span style=\"color: #ff0000;\"><strong>Termin 2020 gestrichen !!! (Covid19) &#8212; Wir sehen uns 2021 !!<\/strong><\/span><\/p>\n<p><strong><span style=\"text-decoration: underline;\">Ort<\/span><\/strong>:<br \/>\nStadt Spittal an der Drau<\/p>\n<p><strong><span style=\"text-decoration: underline;\">Rennb\u00fcro<\/span><\/strong>:<br \/>\nStadtpark im Zelt<\/p>\n<p><strong><span style=\"text-decoration: underline;\">Startzeit<\/span><\/strong>:<br \/>\n10.00 Uhr Sch\u00fclerl\u00e4ufe<br \/>\n11.00 Uhr Hauptlauf, Jugendlauf und Staffel (11.05 Uhr)<br \/>\n<span style=\"color: #000000;\">11.30 Uhr Nordic Walking Team-Bewerb<\/span><br \/>\n12.30 Uhr Bambinilauf<\/p>\n<table>\n<tbody>\n<tr>\n<td><span style=\"color: #000000;\">Sch\u00fcler U8<\/span><\/td>\n<td style=\"text-align: center;\"><span style=\"color: #000000;\">Damen\/Herren<\/span><\/td>\n<td style=\"text-align: center;\"><span style=\"color: #000000;\">2015-2013<\/span><\/td>\n<td><span style=\"color: #000000;\">400m 1 Parkrunde, 1 Schleife<\/span><\/td>\n<\/tr>\n<tr>\n<td><span style=\"color: #000000;\">Sch\u00fcler U10<\/span><\/td>\n<td style=\"text-align: center;\"><span style=\"color: #000000;\">D\/H<\/span><\/td>\n<td style=\"text-align: center;\"><span style=\"color: #000000;\">2012-2011<\/span><\/td>\n<td><span style=\"color: #000000;\">400m <\/span><\/td>\n<\/tr>\n<tr>\n<td><span style=\"color: #000000;\">Sch\u00fcler U12<\/span><\/td>\n<td style=\"text-align: center;\"><span style=\"color: #000000;\">D\/H<\/span><\/td>\n<td style=\"text-align: center;\"><span style=\"color: #000000;\">2010-2009<\/span><\/td>\n<td><span style=\"color: #000000;\">950m 1 gr. Parkrunde<\/span><\/td>\n<\/tr>\n<tr>\n<td><span style=\"color: #000000;\">Sch\u00fcler U14<\/span><\/td>\n<td style=\"text-align: center;\"><span style=\"color: #000000;\">D\/H<\/span><\/td>\n<td style=\"text-align: center;\"><span style=\"color: #000000;\">2008-2007<\/span><\/td>\n<td><span style=\"color: #000000;\">950m<\/span><\/td>\n<\/tr>\n<tr>\n<td><span style=\"color: #000000;\">Sch\u00fcler U16<\/span><\/td>\n<td style=\"text-align: center;\"><span style=\"color: #000000;\">D\/H<\/span><\/td>\n<td style=\"text-align: center;\"><span style=\"color: #000000;\">2006-2005<\/span><\/td>\n<td><span style=\"color: #000000;\">1.9km 2 gr. Parkrunden<\/span><\/td>\n<\/tr>\n<tr>\n<td><span style=\"color: #000000;\">Jugend U18<\/span><\/td>\n<td style=\"text-align: center;\"><span style=\"color: #000000;\">D\/H<\/span><\/td>\n<td style=\"text-align: center;\"><span style=\"color: #000000;\">2004-2003<\/span><\/td>\n<td><span style=\"color: #000000;\">3.8km 2 Hauptrunden<\/span><\/td>\n<\/tr>\n<tr>\n<td><span style=\"color: #000000;\">Jugend U20<\/span><\/td>\n<td style=\"text-align: center;\"><span style=\"color: #000000;\">D\/H<\/span><\/td>\n<td style=\"text-align: center;\"><span style=\"color: #000000;\">2002-2001<\/span><\/td>\n<td><span style=\"color: #000000;\">7.6km 4 Hauptrunden<\/span><\/td>\n<\/tr>\n<tr>\n<td><span style=\"color: #000000;\">AK<\/span><\/td>\n<td style=\"text-align: center;\"><span style=\"color: #000000;\">D\/H<\/span><\/td>\n<td style=\"text-align: center;\"><span style=\"color: #000000;\">2000-1991<\/span><\/td>\n<td><span style=\"color: #000000;\">7.6km 4 Hauptrunden<\/span><\/td>\n<\/tr>\n<tr>\n<td><span style=\"color: #000000;\">AK30<\/span><\/td>\n<td style=\"text-align: center;\"><span style=\"color: #000000;\">D\/H<\/span><\/td>\n<td style=\"text-align: center;\"><span style=\"color: #000000;\">1990-1981<\/span><\/td>\n<td><span style=\"color: #000000;\">7.6km<\/span><\/td>\n<\/tr>\n<tr>\n<td><span style=\"color: #000000;\">AK40<\/span><\/td>\n<td style=\"text-align: center;\"><span style=\"color: #000000;\">D\/H<\/span><\/td>\n<td style=\"text-align: center;\"><span style=\"color: #000000;\">1980-1971<\/span><\/td>\n<td><span style=\"color: #000000;\">7.6km<\/span><\/td>\n<\/tr>\n<tr>\n<td><span style=\"color: #000000;\">AK50<\/span><\/td>\n<td style=\"text-align: center;\"><span style=\"color: #000000;\">D\/H<\/span><\/td>\n<td style=\"text-align: center;\"><span style=\"color: #000000;\">1970-1961<\/span><\/td>\n<td><span style=\"color: #000000;\">7.6km<\/span><\/td>\n<\/tr>\n<tr>\n<td><span style=\"color: #000000;\">AK60<\/span><\/td>\n<td style=\"text-align: center;\"><span style=\"color: #000000;\">D\/H<\/span><\/td>\n<td style=\"text-align: center;\"><span style=\"color: #000000;\">1960-1951<\/span><\/td>\n<td><span style=\"color: #000000;\">5.7km 3 Hauptrunden<\/span><\/td>\n<\/tr>\n<tr>\n<td><span style=\"color: #000000;\">AK70<\/span><\/td>\n<td style=\"text-align: center;\"><span style=\"color: #000000;\">D\/H<\/span><\/td>\n<td style=\"text-align: center;\"><span style=\"color: #000000;\">1950 und \u00e4lter<\/span><\/td>\n<td><span style=\"color: #000000;\">5.7km<\/span><\/td>\n<\/tr>\n<tr>\n<td><span style=\"color: #000000;\">Nordic Walking<br \/>\n<\/span><\/td>\n<td style=\"text-align: center;\"><span style=\"color: #000000;\">mixed<\/span><\/td>\n<td style=\"text-align: center;\"><span style=\"color: #000000;\">&nbsp;&#8212;<\/span><\/td>\n<td><span style=\"color: #000000;\">Team mit 3 Teilnehmer<br \/>\njeweils 2 Hauptrunden (3.8km pro Teammitglied)<br \/>\nGesamtzeitwertung!<\/span><\/td>\n<\/tr>\n<tr>\n<td><span style=\"color: #000000;\">Staffel<\/span><\/td>\n<td style=\"text-align: center;\"><span style=\"color: #000000;\">3 Teilnehmer<\/span><\/td>\n<td style=\"text-align: center;\"><span style=\"color: #000000;\">&#8212;<\/span><\/td>\n<td><span style=\"color: #000000;\">3 Hauptrunden (je 1 Runde)<\/span><\/td>\n<\/tr>\n<tr>\n<td><span style=\"color: #000000;\">Bambini<\/span><\/td>\n<td style=\"text-align: center;\">&nbsp;<\/td>\n<td style=\"text-align: center;\">&nbsp;<\/td>\n<td><span style=\"color: #000000;\">1 Runde im Stadtpark<\/span><\/td>\n<\/tr>\n<\/tbody>\n<\/table>\n<p><span style=\"color: #ff0000;\">Die Jahrg\u00e4nge sind bindend. Mitlaufen, Ziehen, Schieben etc. jede Art von techn. Hilfsmittel sind verboten!!<\/span><\/p>\n<p><span style=\"text-decoration: underline;\"><strong>Zeitnehmung<\/strong><\/span>:<br \/>\n<img decoding=\"async\" loading=\"lazy\" class=\"aligncenter size-full wp-image-5637\" src=\"http:\/\/www.hsv-spittal.at\/wp-content\/uploads\/2013\/12\/zeitnehmung.png\" alt=\"zeitnehmung\" width=\"660\" height=\"261\" srcset=\"http:\/\/www.hsv-spittal.at\/wp-content\/uploads\/2013\/12\/zeitnehmung.png 660w, http:\/\/www.hsv-spittal.at\/wp-content\/uploads\/2013\/12\/zeitnehmung-100x40.png 100w, http:\/\/www.hsv-spittal.at\/wp-content\/uploads\/2013\/12\/zeitnehmung-300x119.png 300w, http:\/\/www.hsv-spittal.at\/wp-content\/uploads\/2013\/12\/zeitnehmung-624x247.png 624w\" sizes=\"(max-width: 660px) 100vw, 660px\" \/><\/p>\n<p><span style=\"text-decoration: underline;\"><strong>Siegerehrung<\/strong><\/span>:<br \/>\nca. 14.00 Uhr im Stadtpark mit tollen Sach- und Ehrenpreisen<\/p>\n<p><span style=\"text-decoration: underline;\"><strong>Rennb\u00fcro:<\/strong><\/span><br \/>\nDas Rennb\u00fcro ist im Zelt beim Stadtparkbrunnen eingerichtet.<\/p>\n<p><span style=\"text-decoration: underline;\">\u00d6ffnungszeiten<\/span>:<br \/>\n<strong>Am Bewerbstag ab 8.00 Uhr<\/strong><\/p>\n<p>Nachmeldungen sind bis 30min vor der jeweiligen Startzeit m\u00f6glich!<\/p>\n<p><a href=\"mailto:office@hsv-spittal.at\">Kontakt: office@hsv-spittal.at<\/a><\/p>\n","protected":false},"excerpt":{"rendered":"<p>Veranstalter: HSV Spittal\/Drau in Zusammenarbeit mit der Stadt Spittal an der Drau Termin: Termin 2020 gestrichen !!! (Covid19) &#8212; Wir sehen uns 2021 !! Ort: Stadt Spittal an der Drau Rennb\u00fcro: Stadtpark im Zelt Startzeit: 10.00 Uhr Sch\u00fclerl\u00e4ufe 11.00 Uhr Hauptlauf, Jugendlauf und Staffel (11.05 Uhr) 11.30 Uhr Nordic Walking Team-Bewerb 12.30 Uhr Bambinilauf Sch\u00fcler [&hellip;]<\/p>\n","protected":false},"author":1,"featured_media":0,"parent":410,"menu_order":5,"comment_status":"closed","ping_status":"closed","template":"","meta":{"ngg_post_thumbnail":0,"_links_to":"","_links_to_target":""},"_links":{"self":[{"href":"http:\/\/www.hsv-spittal.at\/index.php?rest_route=\/wp\/v2\/pages\/430"}],"collection":[{"href":"http:\/\/www.hsv-spittal.at\/index.php?rest_route=\/wp\/v2\/pages"}],"about":[{"href":"http:\/\/www.hsv-spittal.at\/index.php?rest_route=\/wp\/v2\/types\/page"}],"author":[{"embeddable":true,"href":"http:\/\/www.hsv-spittal.at\/index.php?rest_route=\/wp\/v2\/users\/1"}],"replies":[{"embeddable":true,"href":"http:\/\/www.hsv-spittal.at\/index.php?rest_route=%2Fwp%2Fv2%2Fcomments&post=430"}],"version-history":[{"count":3,"href":"http:\/\/www.hsv-spittal.at\/index.php?rest_route=\/wp\/v2\/pages\/430\/revisions"}],"predecessor-version":[{"id":7026,"href":"http:\/\/www.hsv-spittal.at\/index.php?rest_route=\/wp\/v2\/pages\/430\/revisions\/7026"}],"up":[{"embeddable":true,"href":"http:\/\/www.hsv-spittal.at\/index.php?rest_route=\/wp\/v2\/pages\/410"}],"wp:attachment":[{"href":"http:\/\/www.hsv-spittal.at\/index.php?rest_route=%2Fwp%2Fv2%2Fmedia&parent=430"}],"curies":[{"name":"wp","href":"https:\/\/api.w.org\/{rel}","templated":true}]}}