{"id":438,"date":"2013-12-18T12:26:29","date_gmt":"2013-12-18T12:26:29","guid":{"rendered":"http:\/\/www.hsv-spittal.at\/?page_id=438"},"modified":"2020-03-30T09:00:41","modified_gmt":"2020-03-30T09:00:41","slug":"anmeldung","status":"publish","type":"page","link":"http:\/\/www.hsv-spittal.at\/?page_id=438","title":{"rendered":"<font color=\"#FF0000\">ANMELDUNG ..<\/font>"},"content":{"rendered":"<table>\n<tbody>\n<tr>\n<td style=\"text-align: center;\">&nbsp;<\/td>\n<td style=\"text-align: center;\">xx.xx.2021<\/td>\n<td style=\"text-align: center;\">xx.xx.2021<\/td>\n<td style=\"text-align: center;\">xx.xx.2021<\/td>\n<\/tr>\n<tr>\n<td style=\"text-align: center;\"><span style=\"color: #000000;\">Hauptlauf (inkl. AK60\/70)<\/span><\/td>\n<td style=\"text-align: center;\"><span style=\"color: #000000;\">12<\/span><\/td>\n<td style=\"text-align: center;\"><span style=\"color: #000000;\">15<\/span><\/td>\n<td style=\"text-align: center;\"><span style=\"color: #000000;\">18<\/span><\/td>\n<\/tr>\n<tr>\n<td style=\"text-align: center;\"><span style=\"color: #000000;\">Staffellauf (pro Teilnehmer)<\/span><\/td>\n<td style=\"text-align: center;\"><span style=\"color: #000000;\">10<\/span><\/td>\n<td style=\"text-align: center;\"><span style=\"color: #000000;\">13<\/span><\/td>\n<td style=\"text-align: center;\"><span style=\"color: #000000;\">Anmeldung geschlossen<\/span><\/td>\n<\/tr>\n<tr>\n<td style=\"text-align: center;\"><span style=\"color: #000000;\">Nordic Walking (pro Teilnehmer)<\/span><\/td>\n<td style=\"text-align: center;\"><span style=\"color: #000000;\">10<\/span><\/td>\n<td style=\"text-align: center;\"><span style=\"color: #000000;\">10<\/span><\/td>\n<td style=\"text-align: center;\"><span style=\"color: #000000;\">Anmeldung geschlossen<\/span><\/td>\n<\/tr>\n<tr>\n<td style=\"text-align: center;\"><span style=\"color: #000000;\">Jugendlauf<\/span><\/td>\n<td style=\"text-align: center;\"><span style=\"color: #000000;\">8<\/span><\/td>\n<td style=\"text-align: center;\"><span style=\"color: #000000;\">10<\/span><\/td>\n<td style=\"text-align: center;\"><span style=\"color: #000000;\">13<\/span><\/td>\n<\/tr>\n<tr>\n<td style=\"text-align: center;\"><span style=\"color: #000000;\">Sch\u00fclerllauf<\/span><\/td>\n<td style=\"text-align: center;\"><span style=\"color: #000000;\">5<\/span><\/td>\n<td style=\"text-align: center;\"><span style=\"color: #000000;\">5<\/span><\/td>\n<td style=\"text-align: center;\"><span style=\"color: #000000;\">8<\/span><\/td>\n<\/tr>\n<tr>\n<td style=\"text-align: center;\">&nbsp;<\/td>\n<td style=\"text-align: center;\"><span style=\"color: #000000;\">Angaben in EURO<\/span><br \/>\n<span style=\"color: #000000;\">Bambinilauf GRATIS<\/span><\/td>\n<td style=\"text-align: center;\">&nbsp;<\/td>\n<td style=\"text-align: center;\">&nbsp;<\/td>\n<\/tr>\n<\/tbody>\n<\/table>\n<p><span style=\"color: #ff0000;\"><strong>ANMELDUNG f\u00fcr 2020 NICHT M\u00d6GLICH! LAUF ABGESAGT (Covid19). Wir sehen uns 2021. Danke!<\/strong><\/span><\/p>\n<h4>Anmeldungen werden erst nach erfolgter Einzahlung der Meldegeb\u00fchr akzeptiert. Einzahlungsbeleg bitte unbedingt im Rennb\u00fcro<br \/>\nbei der Abholung der Startunterlagen vorweisen. Bitte beachten Sie, dass pro gemieteten Champion-Chip eine Geb\u00fchr<br \/>\nvon 3 \u20ac eingehoben werden muss.<br \/>\n<strong>Firmen-, Vereinsstaffeln und Nordic Walking Teams k\u00f6nnen aus organisatorischen Gr\u00fcnden<br \/>\nnur bis zum<span style=\"background-color: #ffffff; color: #ff0000;\"> 7.<em> MAI 2020<\/em><\/span>&nbsp;gemeldet werden<\/strong><\/h4>\n<p><a title=\"Haftungsausschluss\" href=\"http:\/\/www.hsv-spittal.at\/?page_id=16\" target=\"_blank\" rel=\"noopener noreferrer\">Haftungsausschluss &#8230; (Pkt.5!)<\/a><\/p>\n<p><strong>Zu den Anmeldeformularen:<\/strong><br \/>\n<a href=\"http:\/\/spreadsheets.google.com\/viewform?formkey=dDBZZlRPMHBUR0tNQmJKeUZjd0VydFE6MA\" target=\"_blank\" rel=\"noopener noreferrer\">Anmeldung f\u00fcr den Haupt-, Jugend- oder Sch\u00fclerlauf<\/a><br \/>\noder<br \/>\n<strong>email <\/strong>mit Name, Vorname, Anschrift, Geburtsjahr (wenn vorhanden: Verein und Champion Chip Nr.) an <strong>office@hsv-spittal.at<\/strong><br \/>\noder<br \/>\n<strong>FAX <\/strong>mit Name, Vorname, Anschrift, Geburtsjahr (wenn vorhanden: Verein und Champion Chip Nr.) an 04717-6211<\/p>\n<p><a href=\"https:\/\/docs.google.com\/forms\/d\/e\/1FAIpQLSdITeYCoLc9F7zR4skiP2KbF2koy5rEqBS7cvV7KrTPpTHPsA\/viewform?vc=0&amp;c=0&amp;w=1\">Anmeldung f\u00fcr Nordic Walking Teambewerb<\/a> (neu ab 2019)<br \/>\noder<br \/>\n<strong>email <\/strong>mit Namen, Vornamen, Anschrift, Geburtsjahr (wenn vorhanden: Staffelbezeichnung, Verein und Champion Chip Nr.) <strong>aller 3 Teilnehmer<\/strong> an <strong>office@hsv-spittal.at<\/strong><br \/>\noder<br \/>\n<strong>FAX <\/strong>mit Namen, Vornamen, Anschrift, Geburtsjahr (wenn vorhanden: Teambezeichnung,Verein und Champion Chip Nr.)<br \/>\n<strong>aller 3 Teilnehmer<\/strong> an 04717-6211<\/p>\n<p><a href=\"http:\/\/spreadsheets.google.com\/viewform?formkey=dEFhSmFBa0g0T3J0Mm1lemlyRnBzekE6MA\" target=\"_blank\" rel=\"noopener noreferrer\">Anmeldung f\u00fcr Vereins-, Firmen- und Feuerwehrstaffeln<\/a><br \/>\noder<br \/>\n<strong>email <\/strong>mit Namen, Vornamen, Anschrift, Geburtsjahr (wenn vorhanden: Staffelbezeichnung, Verein und Champion Chip Nr.) <strong>aller 3 Teilnehmer<\/strong> an <strong>office@hsv-spittal.at<\/strong><br \/>\noder<br \/>\n<strong>FAX <\/strong>mit Namen, Vornamen, Anschrift, Geburtsjahr (wenn vorhanden: Staffelbezeichnung,Verein und Champion Chip Nr.)<br \/>\n<strong>aller 3 Teilnehmer<\/strong> an 04717-6211<\/p>\n<p><a href=\"mailto:office@hsv-spittal.at\">Kontakt: office@hsv-spittal.at<\/a><\/p>\n<p><strong>Bankverbindung:<\/strong><br \/>\nBitte Meldegeb\u00fchr <strong>unter Angabe des Namens <span style=\"text-decoration: underline;\">und<\/span> dem Kennwort &#8222;PORCIALAUF 2020&#8220;<br \/>\n<\/strong>auf folgendes Konto \u00fcberweisen<\/p>\n<p>Volksbank&nbsp;K\u00e4rnten<br \/>\nIBAN: AT31 4213 0426 4669 0000<br \/>\nBIC: VBOEATWWKLA<\/p>\n","protected":false},"excerpt":{"rendered":"<p>&nbsp; xx.xx.2021 xx.xx.2021 xx.xx.2021 Hauptlauf (inkl. AK60\/70) 12 15 18 Staffellauf (pro Teilnehmer) 10 13 Anmeldung geschlossen Nordic Walking (pro Teilnehmer) 10 10 Anmeldung geschlossen Jugendlauf 8 10 13 Sch\u00fclerllauf 5 5 8 &nbsp; Angaben in EURO Bambinilauf GRATIS &nbsp; &nbsp; ANMELDUNG f\u00fcr 2020 NICHT M\u00d6GLICH! LAUF ABGESAGT (Covid19). Wir sehen uns 2021. Danke! Anmeldungen [&hellip;]<\/p>\n","protected":false},"author":1,"featured_media":0,"parent":410,"menu_order":25,"comment_status":"closed","ping_status":"open","template":"","meta":{"ngg_post_thumbnail":0,"_links_to":"","_links_to_target":""},"_links":{"self":[{"href":"http:\/\/www.hsv-spittal.at\/index.php?rest_route=\/wp\/v2\/pages\/438"}],"collection":[{"href":"http:\/\/www.hsv-spittal.at\/index.php?rest_route=\/wp\/v2\/pages"}],"about":[{"href":"http:\/\/www.hsv-spittal.at\/index.php?rest_route=\/wp\/v2\/types\/page"}],"author":[{"embeddable":true,"href":"http:\/\/www.hsv-spittal.at\/index.php?rest_route=\/wp\/v2\/users\/1"}],"replies":[{"embeddable":true,"href":"http:\/\/www.hsv-spittal.at\/index.php?rest_route=%2Fwp%2Fv2%2Fcomments&post=438"}],"version-history":[{"count":4,"href":"http:\/\/www.hsv-spittal.at\/index.php?rest_route=\/wp\/v2\/pages\/438\/revisions"}],"predecessor-version":[{"id":7027,"href":"http:\/\/www.hsv-spittal.at\/index.php?rest_route=\/wp\/v2\/pages\/438\/revisions\/7027"}],"up":[{"embeddable":true,"href":"http:\/\/www.hsv-spittal.at\/index.php?rest_route=\/wp\/v2\/pages\/410"}],"wp:attachment":[{"href":"http:\/\/www.hsv-spittal.at\/index.php?rest_route=%2Fwp%2Fv2%2Fmedia&parent=438"}],"curies":[{"name":"wp","href":"https:\/\/api.w.org\/{rel}","templated":true}]}}